{"id":28424,"date":"2020-08-31T15:00:23","date_gmt":"2020-08-31T13:00:23","guid":{"rendered":"https:\/\/factorialhr.com\/blog\/?page_id=28424"},"modified":"2024-02-14T17:20:28","modified_gmt":"2024-02-14T15:20:28","slug":"diccionario-recursos-humanos","status":"publish","type":"page","link":"https:\/\/factorial.mx\/blog\/diccionario-recursos-humanos\/","title":{"rendered":"Diccionario de Recursos Humanos &#8211; De la A a la Z"},"content":{"rendered":"<p><img decoding=\"async\" class=\"aligncenter size-full wp-image-28432\" src=\"https:\/\/factorial.mx\/wp-content\/uploads\/2020\/08\/31143025\/diccionario-recursos-humanos.jpg\" alt=\"diccionario recursos humanos\" width=\"830\" height=\"400\" srcset=\"https:\/\/factorial.mx\/wp-content\/uploads\/2020\/08\/31143025\/diccionario-recursos-humanos.jpg 830w, https:\/\/factorial.mx\/wp-content\/uploads\/2020\/08\/31143025\/diccionario-recursos-humanos-300x145.jpg 300w, https:\/\/factorial.mx\/wp-content\/uploads\/2020\/08\/31143025\/diccionario-recursos-humanos-768x370.jpg 768w\" sizes=\"(max-width: 830px) 100vw, 830px\" \/><\/p>\n<p>El mundo de los recursos humanos est\u00e1 en constante evoluci\u00f3n y ha cambiado mucho en los \u00faltimos a\u00f1os.<\/p>\n<p>No es de extra\u00f1ar que, a veces, se nos haga un poco complicado mantenernos al d\u00eda con las \u00faltimas novedades en estrategias de gesti\u00f3n de los distintos recursos humanos, formas organizacionales, o simplemente anglicismos.<\/p>\n<p>Para ayudar a todo aquel que quiera mantenerse al d\u00eda de las tendencias en recursos humanos, presentamos nuestro Diccionario de RH con el que podr\u00e1s encontrar informaci\u00f3n desde los conceptos m\u00e1s b\u00e1sicos a los que acaban de salir del horno.<\/p>\n<p>Y si no encuentras lo que buscas&#8230; \u00a1Av\u00edsanos! Lo a\u00f1adiremos para seguir a la cabeza del sector. :)<\/p>\n<h2 style=\"text-align: center;\"><strong><span style=\"color: #695ee8;\">Nuestro glosario de Recursos Humanos<\/span><\/strong><\/h2>\n<p style=\"text-align: center;\"><span style=\"font-size: 36pt;\"><a href=\"#A\">A<\/a>,<a href=\"#B\">B<\/a>, <a href=\"#C\">C<\/a>, <a href=\"#D\">D<\/a>, <a href=\"#E\">E<\/a>,\u00a0<a href=\"#F\">F<\/a>, <a href=\"#G\">G<\/a>, <a href=\"#H\">H<\/a>, <a href=\"#I\">I<\/a>, <a href=\"#J\">J<\/a>, <a href=\"#K\">K<\/a>, <a href=\"#L\">L<\/a>, <a href=\"#M\">M<\/a>,\u00a0<a href=\"#N\">N<\/a>, \u00d1, <a href=\"#O\">O<\/a>, <a href=\"#P\">P<\/a>, Q, <a href=\"#R\">R<\/a>, <a href=\"#S\">S<\/a>, <a href=\"#T\">T<\/a>, U, <a href=\"#V\">V<\/a>, W, X, Y, Z<\/span><\/p>\n<p><a name=\"A\"><\/a><br \/>\n<span style=\"font-size: 36pt;\"><strong>A<\/strong><\/span><\/p>\n<dl>\n<dt><strong>Absentismo laboral<\/strong><\/dt>\n<dd>El absentismo laboral se refiere a cuando un empleado no acude a su puesto de trabajo durante el tiempo que le corresponde y dentro de su jornada legal de trabajo.<\/dd>\n<dt><strong>Accidente Laboral<\/strong><\/dt>\n<dd>Accidente sufrido por un trabajador o trabajadora durante su horario laboral y en su puesto de trabajo o en el trayecto de ida y vuelta hacia el mismo.<\/dd>\n<dt><strong>Agente (Seguros)<\/strong><\/dt>\n<dd>Persona encargada de encontrar los mejores seguros para una empresa. El agente se encarga de gestionar y tramitar las altas y bajas de toda la empresa. Normalmente esta persona suele estar a cargo del departamento de recursos humanos o se externaliza su figura.<\/dd>\n<dt><strong>Agile (m\u00e9todo)<\/strong><\/dt>\n<dd>Se conoce como\u00a0<em>metodolog\u00eda Agile<\/em>\u00a0(o \u00e1gil) el nuevo m\u00e9todo de trabajo y de organizaci\u00f3n de las empresas en las que los empleados tienen un papel protagonista. La comunicaci\u00f3n y la adaptabilidad a los cambios son esenciales.<\/dd>\n<dt><strong>Auditor\u00eda de Recursos Humanos<\/strong><\/dt>\n<dd>La auditor\u00eda de recursos humanos es un m\u00e9todo a trav\u00e9s del que se revisan las pol\u00edticas de la empresa, los procedimientos internos, la documentaci\u00f3n y los programas de recursos humanos, con la finalidad de identificar puntos a mejorar adem\u00e1s de asegurar el cumplimiento de las siempre cambiantes normas y reglamentos.<\/dd>\n<\/dl>\n<dl>\n<dt><a href=\"https:\/\/factorial.mx\/blog\/control-asistencia-optimizarlo\/\"><strong>Ausencia<\/strong><\/a><\/dt>\n<dd>Periodo laboral en el que un trabajador de la empresa no se encuentra en el lugar que deber\u00eda estar en funci\u00f3n de su contrato. Un empleado puede ausentarse de forma justificada o injustificada.<\/dd>\n<dt><strong>Auto-evaluaci\u00f3n<\/strong><\/dt>\n<dd>Evaluaci\u00f3n personal de uno mismo durante el proceso evaluaci\u00f3n del rendimiento. Con frecuencia se utiliza la auto-evaluaci\u00f3n como herramienta para potenciar el crecimiento personal de los empleados y conocer el por qu\u00e9 de las limitaciones a la hora de conseguir objetivos.<\/dd>\n<dt><strong>Ayudante<\/strong><\/dt>\n<dd>Persona empleada de la empresa que presta ayuda a otra persona de la organizaci\u00f3n. Normalmente el ayudante ocupa un cargo inferior en la empresa.<\/dd>\n<\/dl>\n<p><a name=\"B\"><\/a><br \/>\n<span style=\"font-size: 36pt;\"><strong>B<\/strong><\/span><\/p>\n<dl>\n<dt><strong>Becario<\/strong><\/dt>\n<dd>Se denomina becario o becaria a la persona que realiza pr\u00e1cticas en una empresa, ya sea con o sin retribuci\u00f3n econ\u00f3mica, con el objetivo de adquirir experiencia en el mundo laboral.<\/dd>\n<dt><strong>Burnout<\/strong><\/dt>\n<dd>Tambi\u00e9n conocido como estr\u00e9s laboral.<\/dd>\n<\/dl>\n<p><a name=\"C\"><\/a><br \/>\n<span style=\"font-size: 36pt;\"><strong>C<\/strong><\/span><\/p>\n<dl>\n<dt><strong>Cheque guarder\u00eda<\/strong><\/dt>\n<dd>Beneficio que las empresas pueden ofrecer a sus empleados como Retribuci\u00f3n Flexible, en el que se paga la guarder\u00eda de los hijos con dicho cheque o tarjeta y cuyo importe puede descontarse de tributar en el IRPF.<\/dd>\n<dt><strong>Cheque Gourmet<\/strong><\/dt>\n<dd>Tambi\u00e9n llamado Tarjeta restaurante.<\/dd>\n<dt><strong>Contrato<\/strong><\/dt>\n<dd>Se entiende por contrato un acuerdo, generalmente escrito, por el que dos o m\u00e1s partes (en el caso laboral la empresa y los empleados) se comprometen a respetar y cumplir un seguido de condiciones que vienen especificadas en el mismo documento.<\/dd>\n<\/dl>\n<p><a name=\"D\"><\/a><br \/>\n<span style=\"font-size: 36pt;\"><strong>D<\/strong><\/span><br \/>\n<strong>D\u00eda laborables<\/strong><\/p>\n<dl>\n<dd>Se refiere a cu\u00e1ndo se trabaja y la empresa ofrece sus servicios. Cada negocio se adapta a su p\u00fablico seg\u00fan ls necesidades de este.<\/dd>\n<\/dl>\n<p><a href=\"https:\/\/factorial.mx\/blog\/transformacion-digital\/\"><strong>Digitalizaci\u00f3n<\/strong><\/a><\/p>\n<dl>\n<dd>Tambi\u00e9n conocida como Transformaci\u00f3n digital, la capacidad de las empresas por adaptarse al nuevo modelo digital y a las nuevas tecnolog\u00edas.<\/dd>\n<dd><\/dd>\n<dt><\/dt>\n<dt><\/dt>\n<dt><a href=\"https:\/\/factorial.mx\/blog\/guia-recursos-humanos\/\"><strong>Directora de Recursos Humanos<\/strong><\/a><\/p>\n<dl>\n<dd>Persona responsable de gestionar todo lo relacionado con los recursos humanos y el personal de una empresa. Supervisa desde el reclutamiento, la administraci\u00f3n, los contratos, bajas y las n\u00f3minas.<\/dd>\n<\/dl>\n<\/dt>\n<\/dl>\n<p><a name=\"E\"><\/a><br \/>\n<span style=\"font-size: 36pt;\"><strong>E<\/strong><\/span><\/p>\n<dl>\n<dt><strong>Employer Branding<\/strong> (Marca empleadora)<\/dt>\n<dd>Imagen de la empresa que tienen los empleados o potenciales trabajadores de esta y que influye en gran medida a la hora de atraer y retener talento.<\/dd>\n<dd><\/dd>\n<dt><a href=\"https:\/\/factorial.mx\/blog\/departamento-recursos-humanos\/\"><strong>Especialista en recursos humanos<\/strong><\/a><\/dt>\n<dd>Persona encargada de la gesti\u00f3n de personal en una empresa. Es la persona responsable de evaluar las necesidades de la empresa y las personas que trabajan en ella.<\/dd>\n<dt>\n<dl>\n<dt><strong>Estr\u00e9s laboral<\/strong><\/dt>\n<dd>Tipo de estr\u00e9s que surje a causa de la presi\u00f3n en el trabajo, sobre todo en puestos de alto rendimiento. Puede causar saturaci\u00f3n f\u00edsica y mental y afectar a la salud de manera grave.<\/dd>\n<\/dl>\n<\/dt>\n<dt><a href=\"https:\/\/factorial.mx\/blog\/evaluacion-desempeno-empleado\/\"><strong>Evaluaci\u00f3n del desempe\u00f1o laboral<\/strong><\/a><\/dt>\n<dd>Herramienta para la medici\u00f3n de las capacidades y habilidades de los empleados a la hora de cumplir sus objetivos en la empresa.<\/dd>\n<\/dl>\n<p><a name=\"F\"><\/a><br \/>\n<span style=\"font-size: 48px;\"><b>F<\/b><\/span><\/p>\n<dl>\n<dt><strong>Finiquito<\/strong><\/dt>\n<dd>Tambi\u00e9n llamado documento de liquidaci\u00f3n, es el documento que la empresa entrega a un trabajador cuando finaliza la relaci\u00f3n laboral entre ambos y en el que se demuestra que la empresa ha pagado todo lo que deb\u00eda al empleado.<\/dd>\n<\/dl>\n<p><a name=\"G\"><\/a><br \/>\n<span style=\"font-size: 48px;\"><b>G<\/b><\/span><\/p>\n<dl>\n<dt><strong>Gesti\u00f3n de talento<\/strong><\/dt>\n<dd>Tambi\u00e9n conocido como cuidado de los trabajadores para propiciar un entorno de retenci\u00f3n de talento por parte de la empresa.<\/dd>\n<\/dl>\n<p><a name=\"H\"><\/a><br \/>\n<span style=\"font-size: 48px;\"><b>H<\/b><\/span><\/p>\n<dl>\n<dt><strong>Huelga de celo<\/strong><\/dt>\n<dd>Forma de reivindicaci\u00f3n organizada de los empleados, en la cual los trabajadores cumplen de manera literal, rigurosa y escrupulosa la normativa laboral y disposiciones reglamentarias provocando con ello una ralentizaci\u00f3n en la ejecuci\u00f3n del trabajo y por tanto una ca\u00edda en la productividad .<\/dd>\n<\/dl>\n<p><a name=\"I\"><\/a><br \/>\n<span style=\"font-size: 48px;\"><b>I<\/b><\/span><\/p>\n<dl>\n<dt><strong>Indemnizaci\u00f3n por despido<\/strong><\/dt>\n<dd>Compensaci\u00f3n econ\u00f3mica que recibe un trabajador a consecuencia de un despido no justificado.<\/dd>\n<\/dl>\n<p><a name=\"J\"><\/a><br \/>\n<span style=\"font-size: 48px;\"><b>J<\/b><\/span><\/p>\n<dl>\n<dt><strong>Jubilaci\u00f3n<\/strong><\/dt>\n<dd>La jubilaci\u00f3n se entiende por el cese de actividad laboral de un trabajador en activo, motivado por el hecho de haber llegado a la edad m\u00e1xima o bien por impedimentos f\u00edsicos como enfermedades cr\u00f3nicas graves o incapacidad.<\/dd>\n<\/dl>\n<p><a name=\"K\"><\/a><br \/>\n<span style=\"font-size: 48px;\"><b>K<\/b><\/span><\/p>\n<dl>\n<dt><strong>Know how<\/strong><\/dt>\n<dd>T\u00e9rmino anglosaj\u00f3n de traducci\u00f3n literal &#8220;saber hacer&#8221; que se refiere al conjunto de t\u00e9cnicas, conocimientos, m\u00e9todos y habilidades de una persona o entidad que por regla general est\u00e1n relacionados con la experiencia.<\/dd>\n<\/dl>\n<p><a name=\"L\"><\/a><br \/>\n<span style=\"font-size: 48px;\"><b>L<\/b><\/span><\/p>\n<dl>\n<dt><strong>Ley de Protecci\u00f3n de Datos LOPD<\/strong><\/dt>\n<dd>Ley que todas las empresas que tratan con datos de caracter personal deben cumplir para asegurar que dicha informaci\u00f3n es privada y segura.<\/dd>\n<dt><strong>Liquidaci\u00f3n (Documento de)<\/strong><\/dt>\n<dd>Es el documento que se le entrega al empleado cuando finaliza su contrato y que acredita que no hay deudas entre la empresa y el trabajador.<\/dd>\n<\/dl>\n<p><a name=\"M\"><\/a><br \/>\n<span style=\"font-size: 48px;\"><b>M<\/b><\/span><\/p>\n<dl>\n<dt><strong>Modelo 111<\/strong><\/dt>\n<dd>Es el documento por el que las empresas y aut\u00f3nomos liquidan trimestralmente las retenciones a cuenta del IRPF\u00a0 de sus trabajadores, profesionales o empresarios.<\/dd>\n<\/dl>\n<p><a name=\"N\"><\/a><br \/>\n<span style=\"font-size: 48px;\"><b>N<\/b><\/span><\/p>\n<dl>\n<dt><strong>Novaci\u00f3n<\/strong> (contrato novatorio)<\/dt>\n<dd>Hace referencia a la modificaci\u00f3n o extinci\u00f3n de una obligaci\u00f3n (recogida, por ejemplo, en un contrato) por otra.<\/dd>\n<\/dl>\n<p><a name=\"O\"><\/a><br \/>\n<span style=\"font-size: 48px;\"><b>O<\/b><\/span><\/p>\n<dl>\n<dt><a href=\"https:\/\/factorial.mx\/blog\/organigrama-empresa-tipos\/\"><strong>Organigrama<\/strong><\/a><\/dt>\n<dd>Es la representaci\u00f3n gr\u00e1fica de la jerarqu\u00eda de relaciones y dependencias dentro de una empresa, muestra de manera clara la estructura interna de una empresa o organizaci\u00f3n y las competencias.<\/dd>\n<\/dl>\n<p><a name=\"P\"><\/a><\/p>\n<p><span style=\"font-size: 48px;\"><b>P<\/b><\/span><\/p>\n<dl>\n<dt><a href=\"https:\/\/factorial.mx\/portal-del-empleado\"><strong>Portal del Empleado<\/strong><\/a><\/dt>\n<dd>Herramienta online que las peque\u00f1as y medianas empresas usan para comunicarse con sus empleados y desde donde estos tienen acceso a diversas funcionalidades que les ayuden en gestiones personales.<\/dd>\n<\/dl>\n<p><a name=\"R\"><\/a><\/p>\n<p><span style=\"font-size: 48px;\"><b>R<\/b><\/span><\/p>\n<dl>\n<dt><a href=\"https:\/\/factorial.mx\/blog\/herramientas-recursos-humanos-2020\/\"><strong>Recursos Humanos<\/strong><\/a><\/dt>\n<dd>Los recursos humanos son un departamento dentro de las empresas en el que se gestiona todo lo relacionado con las personas que trabajan en ella.<\/dd>\n<dt>\n<dl>\n<dt><strong>Reglamento General Europeo de Protecci\u00f3n de Datos<\/strong><\/dt>\n<dd>Nuevo reglamento que aumenta la protecci\u00f3n de los datos que ya contemplaba la LOPD.<\/dd>\n<dt><strong>Relaciones laborales<\/strong><\/dt>\n<dd>V\u00ednculos que se establecen en el \u00e1mbito del trabajo entre empresa y empleados.<\/dd>\n<dt><a href=\"https:\/\/factorial.mx\/blog\/riesgos-laborales-empresa\/\"><strong>Riesgos laborales<\/strong><\/a><\/dt>\n<dd>Se trata de la prevenci\u00f3n, identificaci\u00f3n y protocolos de seguridad ante las distintas amenazas laborales.<\/dd>\n<\/dl>\n<\/dt>\n<dt><strong>Retribuci\u00f3n fija<\/strong><\/dt>\n<dd>Retribuci\u00f3n que el empleado ha pactado con la empresa y cuyo m\u00ednimo viene establecido por ley. No va ligada a otros objetivos o variables.<\/dd>\n<dt><strong>Retribuci\u00f3n flexible<\/strong><\/dt>\n<dd>Tambi\u00e9n llamada salario en especie, es la oferta por parte de la empresa a sus empleados de servicios o bienes de manera gratuita o a un coste inferior del precio de mercado.<\/dd>\n<dt><strong>Retribuci\u00f3n variable<\/strong><\/dt>\n<dd>Es aquella parte de la retribuci\u00f3n que cambia en base a objetivos y resultados que haya alcanzado el empleado. Se suele usar en los equipos comerciales y de ventas.<\/dd>\n<dt><a href=\"https:\/\/factorial.mx\/blog\/rotacion-personal\/\"><strong>Rotaci\u00f3n de personal<\/strong><\/a><\/dt>\n<dd>Nivel de entradas y salidas que se dan en una empresa por parte de sus empleados a lo largo del tiempo.<\/dd>\n<\/dl>\n<p><a name=\"S\"><\/a><br \/>\n<span style=\"font-size: 48px;\"><b>S<\/b><\/span><\/p>\n<dl>\n<dt><strong>Salario Bruto<\/strong><\/dt>\n<dd>Es el total de la retribuci\u00f3n dineraria que recibe el empleado antes de que se le deduzcan las retenciones, cotizaciones, impuestos, etc. a los que est\u00e9 sujeto.<\/dd>\n<dt><a href=\"https:\/\/factorial.mx\/blog\/salario-emocional\/\"><strong>Salario Emocional<\/strong><\/a><\/dt>\n<dd>Se entiende como salario emocional a los bienes y servicios que el empleado recibe por su trabajo m\u00e1s all\u00e1 del dinero que forma su sueldo y que suelen estar relacionados con las emociones. Algunos ejemplos ser\u00edan la posibilidad de conciliar trabajo y familia mediante horario flexible, oportunidades de desarrollo y formaci\u00f3n en la empresa, etc.<\/dd>\n<dt><strong>Salario Neto<\/strong><\/dt>\n<dd>Es la retribuci\u00f3n dineraria final que recibe el empleado y resulta de restar dichas retenciones, impuestos y cotizaciones al salario bruto.<\/dd>\n<dt><strong>Salario en especie<\/strong><\/dt>\n<dd>Tambi\u00e9n conocido como retribuci\u00f3n flexible, hace referencia a los bienes y servicios que el empleado recibe por parte de la empresa y los planes de beneficios que haya contratado.<\/dd>\n<dt><strong>Seguros Sociales<\/strong><\/dt>\n<dd>Son las aportaciones a la Seguridad Social que tanto empresa como trabajador realizan cada mes y cuyas cantidades aparecen en la n\u00f3mina.<\/dd>\n<\/dl>\n<p><a name=\"T\"><\/a><\/p>\n<p><span style=\"font-size: 48px;\"><b>T<\/b><\/span><\/p>\n<dl>\n<dt><strong>Tarjeta Restaurante<\/strong><\/dt>\n<dd>Dentro de los planes de retribuci\u00f3n flexible, puede optarse por esta tarjeta tipo visa con la que el empleado paga, de su sueldo, las comidas fuera de la oficina y cuyo importe puede no tributar en IRPF.<\/dd>\n<dt><a href=\"https:\/\/factorial.mx\/blog\/transformacion-digital\/\"><strong>Transformaci\u00f3n Digital<\/strong><\/a><\/dt>\n<dd>Tambi\u00e9n llamada digitalizaci\u00f3n, es el proceso de adaptaci\u00f3n de las empresas a la era digital.<\/dd>\n<\/dl>\n<p><a name=\"V\"><\/a><\/p>\n<p><span style=\"font-size: 48px;\"><b>V<\/b><\/span><\/p>\n<dl>\n<dt><strong>Vacante<\/strong><\/dt>\n<dd>Se define como vacante una posici\u00f3n laboral que est\u00e1 desocupada.<\/dd>\n<\/dl>\n<hr \/>\n<p>Estos son solo algunos de los t\u00e9rminos o conceptos m\u00e1s frecuentes, o relevantes, en cuanto a la gesti\u00f3n de los recursos humanos. \u00bfTienes alguna sugerencia? Com\u00e9ntanoslo abajo y la tendremos en cuenta \ud83d\udd25<\/p>\n","protected":false},"excerpt":{"rendered":"<p>El mundo de los recursos humanos est\u00e1 en constante evoluci\u00f3n y ha cambiado mucho en los \u00faltimos a\u00f1os. No es de extra\u00f1ar que, a veces, se nos haga un poco complicado mantenernos al d\u00eda con las \u00faltimas novedades en estrategias de gesti\u00f3n de los distintos recursos humanos, formas organizacionales, o simplemente anglicismos. Para ayudar a<a href=\"https:\/\/factorial.mx\/blog\/diccionario-recursos-humanos\/\" class=\"read-more\"> [&#8230;]<\/a><\/p>\n","protected":false},"author":136,"featured_media":0,"parent":0,"menu_order":0,"comment_status":"closed","ping_status":"closed","template":"","meta":{"_acf_changed":false,"footnotes":""},"class_list":["post-28424","page","type-page","status-publish","hentry"],"acf":[],"yoast_head":"<!-- This site is optimized with the Yoast SEO Premium plugin v21.5 (Yoast SEO v21.9.1) - https:\/\/yoast.com\/wordpress\/plugins\/seo\/ -->\n<title>Diccionario Recursos Humanos: terminolog\u00eda - Factorial<\/title>\n<meta name=\"description\" content=\"\u00bfConoces todos los t\u00e9rminos del diccionario de Recursos Humanos que todo gerente debe saber? En esta p\u00e1gina encontrar\u00e1s toda la informaci\u00f3n\" \/>\n<meta name=\"robots\" content=\"index, follow, max-snippet:-1, max-image-preview:large, max-video-preview:-1\" \/>\n<link rel=\"canonical\" href=\"https:\/\/factorial.mx\/blog\/diccionario-recursos-humanos\/\" \/>\n<meta property=\"og:locale\" content=\"es_MX\" \/>\n<meta property=\"og:type\" content=\"article\" \/>\n<meta property=\"og:title\" content=\"Diccionario de Recursos Humanos - De la A a la Z\" \/>\n<meta property=\"og:description\" content=\"\u00bfConoces todos los t\u00e9rminos del diccionario de Recursos Humanos que todo gerente debe saber? En esta p\u00e1gina encontrar\u00e1s toda la informaci\u00f3n\" \/>\n<meta property=\"og:url\" content=\"https:\/\/factorial.mx\/blog\/diccionario-recursos-humanos\/\" \/>\n<meta property=\"og:site_name\" content=\"Factorial\" \/>\n<meta property=\"article:publisher\" content=\"https:\/\/www.facebook.com\/people\/Factorial\/100064908455810\/\" \/>\n<meta property=\"article:modified_time\" content=\"2024-02-14T15:20:28+00:00\" \/>\n<meta property=\"og:image\" content=\"https:\/\/factorial.mx\/wp-content\/uploads\/2020\/08\/diccionario-recursos-humanos.jpg\" \/>\n<meta name=\"twitter:card\" content=\"summary_large_image\" \/>\n<meta name=\"twitter:site\" content=\"@factorialapp\" \/>\n<meta name=\"twitter:label1\" content=\"Est. reading time\" \/>\n\t<meta name=\"twitter:data1\" content=\"8 minutes\" \/>\n<script type=\"application\/ld+json\" class=\"yoast-schema-graph\">{\"@context\":\"https:\/\/schema.org\",\"@graph\":[{\"@type\":\"WebPage\",\"@id\":\"https:\/\/factorial.mx\/blog\/diccionario-recursos-humanos\/\",\"url\":\"https:\/\/factorial.mx\/blog\/diccionario-recursos-humanos\/\",\"name\":\"Diccionario Recursos Humanos: terminolog\u00eda - Factorial\",\"isPartOf\":{\"@id\":\"https:\/\/factorial.mx\/blog\/#website\"},\"datePublished\":\"2020-08-31T13:00:23+00:00\",\"dateModified\":\"2024-02-14T15:20:28+00:00\",\"description\":\"\u00bfConoces todos los t\u00e9rminos del diccionario de Recursos Humanos que todo gerente debe saber? En esta p\u00e1gina encontrar\u00e1s toda la informaci\u00f3n\",\"inLanguage\":\"es-MX\",\"potentialAction\":[{\"@type\":\"ReadAction\",\"target\":[\"https:\/\/factorial.mx\/blog\/diccionario-recursos-humanos\/\"]}]},{\"@type\":\"WebSite\",\"@id\":\"https:\/\/factorial.mx\/blog\/#website\",\"url\":\"https:\/\/factorial.mx\/blog\/\",\"name\":\"Factorial\",\"description\":\"\",\"publisher\":{\"@id\":\"https:\/\/factorial.mx\/blog\/#organization\"},\"potentialAction\":[{\"@type\":\"SearchAction\",\"target\":{\"@type\":\"EntryPoint\",\"urlTemplate\":\"https:\/\/factorial.mx\/blog\/?s={search_term_string}\"},\"query-input\":\"required name=search_term_string\"}],\"inLanguage\":\"es-MX\"},{\"@type\":\"Organization\",\"@id\":\"https:\/\/factorial.mx\/blog\/#organization\",\"name\":\"All-in-one business management software - Factorial\",\"url\":\"https:\/\/factorial.mx\/blog\/\",\"logo\":{\"@type\":\"ImageObject\",\"inLanguage\":\"es-MX\",\"@id\":\"https:\/\/factorial.mx\/blog\/#\/schema\/logo\/image\/\",\"url\":\"https:\/\/factorial.mx\/wp-content\/uploads\/2023\/07\/18155144\/factorial-logo.png\",\"contentUrl\":\"https:\/\/factorial.mx\/wp-content\/uploads\/2023\/07\/18155144\/factorial-logo.png\",\"width\":946,\"height\":880,\"caption\":\"All-in-one business management software - Factorial\"},\"image\":{\"@id\":\"https:\/\/factorial.mx\/blog\/#\/schema\/logo\/image\/\"},\"sameAs\":[\"https:\/\/www.facebook.com\/people\/Factorial\/100064908455810\/\",\"https:\/\/twitter.com\/factorialapp\",\"https:\/\/www.linkedin.com\/company\/factorialhr\",\"https:\/\/www.youtube.com\/@factorialmedia\",\"https:\/\/www.instagram.com\/factorial\/#\"]}]}<\/script>\n<!-- \/ Yoast SEO Premium plugin. -->","yoast_head_json":{"title":"Diccionario Recursos Humanos: terminolog\u00eda - Factorial","description":"\u00bfConoces todos los t\u00e9rminos del diccionario de Recursos Humanos que todo gerente debe saber? En esta p\u00e1gina encontrar\u00e1s toda la informaci\u00f3n","robots":{"index":"index","follow":"follow","max-snippet":"max-snippet:-1","max-image-preview":"max-image-preview:large","max-video-preview":"max-video-preview:-1"},"canonical":"https:\/\/factorial.mx\/blog\/diccionario-recursos-humanos\/","og_locale":"es_MX","og_type":"article","og_title":"Diccionario de Recursos Humanos - De la A a la Z","og_description":"\u00bfConoces todos los t\u00e9rminos del diccionario de Recursos Humanos que todo gerente debe saber? En esta p\u00e1gina encontrar\u00e1s toda la informaci\u00f3n","og_url":"https:\/\/factorial.mx\/blog\/diccionario-recursos-humanos\/","og_site_name":"Factorial","article_publisher":"https:\/\/www.facebook.com\/people\/Factorial\/100064908455810\/","article_modified_time":"2024-02-14T15:20:28+00:00","og_image":[{"url":"https:\/\/factorial.mx\/wp-content\/uploads\/2020\/08\/diccionario-recursos-humanos.jpg"}],"twitter_card":"summary_large_image","twitter_site":"@factorialapp","twitter_misc":{"Est. reading time":"8 minutes"},"schema":{"@context":"https:\/\/schema.org","@graph":[{"@type":"WebPage","@id":"https:\/\/factorial.mx\/blog\/diccionario-recursos-humanos\/","url":"https:\/\/factorial.mx\/blog\/diccionario-recursos-humanos\/","name":"Diccionario Recursos Humanos: terminolog\u00eda - Factorial","isPartOf":{"@id":"https:\/\/factorial.mx\/blog\/#website"},"datePublished":"2020-08-31T13:00:23+00:00","dateModified":"2024-02-14T15:20:28+00:00","description":"\u00bfConoces todos los t\u00e9rminos del diccionario de Recursos Humanos que todo gerente debe saber? En esta p\u00e1gina encontrar\u00e1s toda la informaci\u00f3n","inLanguage":"es-MX","potentialAction":[{"@type":"ReadAction","target":["https:\/\/factorial.mx\/blog\/diccionario-recursos-humanos\/"]}]},{"@type":"WebSite","@id":"https:\/\/factorial.mx\/blog\/#website","url":"https:\/\/factorial.mx\/blog\/","name":"Factorial","description":"","publisher":{"@id":"https:\/\/factorial.mx\/blog\/#organization"},"potentialAction":[{"@type":"SearchAction","target":{"@type":"EntryPoint","urlTemplate":"https:\/\/factorial.mx\/blog\/?s={search_term_string}"},"query-input":"required name=search_term_string"}],"inLanguage":"es-MX"},{"@type":"Organization","@id":"https:\/\/factorial.mx\/blog\/#organization","name":"All-in-one business management software - Factorial","url":"https:\/\/factorial.mx\/blog\/","logo":{"@type":"ImageObject","inLanguage":"es-MX","@id":"https:\/\/factorial.mx\/blog\/#\/schema\/logo\/image\/","url":"https:\/\/factorial.mx\/wp-content\/uploads\/2023\/07\/18155144\/factorial-logo.png","contentUrl":"https:\/\/factorial.mx\/wp-content\/uploads\/2023\/07\/18155144\/factorial-logo.png","width":946,"height":880,"caption":"All-in-one business management software - Factorial"},"image":{"@id":"https:\/\/factorial.mx\/blog\/#\/schema\/logo\/image\/"},"sameAs":["https:\/\/www.facebook.com\/people\/Factorial\/100064908455810\/","https:\/\/twitter.com\/factorialapp","https:\/\/www.linkedin.com\/company\/factorialhr","https:\/\/www.youtube.com\/@factorialmedia","https:\/\/www.instagram.com\/factorial\/#"]}]}},"_links":{"self":[{"href":"https:\/\/factorial.mx\/blog\/wp-json\/wp\/v2\/pages\/28424"}],"collection":[{"href":"https:\/\/factorial.mx\/blog\/wp-json\/wp\/v2\/pages"}],"about":[{"href":"https:\/\/factorial.mx\/blog\/wp-json\/wp\/v2\/types\/page"}],"author":[{"embeddable":true,"href":"https:\/\/factorial.mx\/blog\/wp-json\/wp\/v2\/users\/136"}],"replies":[{"embeddable":true,"href":"https:\/\/factorial.mx\/blog\/wp-json\/wp\/v2\/comments?post=28424"}],"version-history":[{"count":16,"href":"https:\/\/factorial.mx\/blog\/wp-json\/wp\/v2\/pages\/28424\/revisions"}],"predecessor-version":[{"id":127378,"href":"https:\/\/factorial.mx\/blog\/wp-json\/wp\/v2\/pages\/28424\/revisions\/127378"}],"wp:attachment":[{"href":"https:\/\/factorial.mx\/blog\/wp-json\/wp\/v2\/media?parent=28424"}],"curies":[{"name":"wp","href":"https:\/\/api.w.org\/{rel}","templated":true}]}}